{"id":65,"date":"2018-08-27T11:14:16","date_gmt":"2018-08-27T09:14:16","guid":{"rendered":"http:\/\/neuromuzyka.pl\/?page_id=65"},"modified":"2024-01-10T12:51:34","modified_gmt":"2024-01-10T11:51:34","slug":"about","status":"publish","type":"page","link":"https:\/\/neuromuzyka.pl\/?page_id=65","title":{"rendered":"About"},"content":{"rendered":"\t\t<div data-elementor-type=\"wp-post\" data-elementor-id=\"65\" class=\"elementor elementor-65\">\n\t\t\t\t\t\t<section class=\"elementor-section elementor-top-section elementor-element elementor-element-d15b1d2 elementor-section-boxed elementor-section-height-default elementor-section-height-default\" data-id=\"d15b1d2\" data-element_type=\"section\">\n\t\t\t\t\t\t<div class=\"elementor-container elementor-column-gap-no\">\n\t\t\t\t\t<div class=\"aux-parallax-section elementor-column elementor-col-100 elementor-top-column elementor-element elementor-element-a428cb2\" data-id=\"a428cb2\" data-element_type=\"column\">\n\t\t\t<div class=\"elementor-widget-wrap elementor-element-populated\">\n\t\t\t\t\t\t<div class=\"elementor-element elementor-element-96bc601 aux-appear-watch-animation aux-fade-in-up elementor-widget elementor-widget-aux_modern_heading\" data-id=\"96bc601\" data-element_type=\"widget\" data-widget_type=\"aux_modern_heading.default\">\n\t\t\t\t<div class=\"elementor-widget-container\">\n\t\t\t\t\t<section class=\"aux-widget-modern-heading\">\n            <div class=\"aux-widget-inner\"><h2 class=\"aux-modern-heading-primary\">D\u017awi\u0119ki sterowane falami m\u00f3zgowymi\n\n<\/h2><div class=\"aux-modern-heading-description\"><p align=\"JUSTIFY\">Neuromuzyka to multimedialna instalacja d\u017awi\u0119kowa, kt\u00f3rej brzmienie wynika z pomiar\u00f3w bioelektrycznej czynno\u015bci ludzkiego m\u00f3zgu metod\u0105 elektroencefalografii (EEG). Ustawienia syntezator\u00f3w generuj\u0105cych d\u017awi\u0119k s\u0105 ci\u0105gle aktualizowane w oparciu o wyniki analizy fal m\u00f3zgowych osoby korzystaj\u0105cej z instalacji. Ka\u017cda osoba tworzy wi\u0119c sw\u00f3j indywidualny fenomen d\u017awi\u0119kowy, a\u00a0tradycyjne role tw\u00f3rcy, wykonawcy i\u00a0odbiorcy w pewnym sensie si\u0119 zacieraj\u0105: muzyka \u201es\u0142ucha\u201d cz\u0142owieka, nieustannie dopasowuj\u0105c swoje brzmienie do wykresu EEG, a cz\u0142owiek natomiast, s\u0142uchaj\u0105c muzyki, ws\u0142uchuje si\u0119 w samego siebie.<\/p><p align=\"JUSTIFY\"><span style=\"font-size: medium\">Ju\u017c staro\u017cytni filozofowie ze szko\u0142y Pitagorejskiej uwa\u017cali, \u017ce w cz\u0142owieku istnieje nies\u0142yszalna <\/span><span style=\"font-size: medium\"><i>musica humana<\/i><\/span><span style=\"font-size: medium\">, kt\u00f3r\u0105 zrozumie ka\u017cdy, kto wejdzie w g\u0142\u0105b samego siebie. W XIX wieku rozpocz\u0119to badania nad zjawiskami elektrycznymi w m\u00f3zgu, a dok\u0142adnie sto lat temu, w 1924 roku zarejestrowano pierwszy zapis EEG u cz\u0142owieka. Pierwsza kompozycja muzyczna zainspirowana wykresem EEG to <em>Polymorphia <\/em>Krzysztofa Pendereckiego (1961), natomiast pierwszym utworem wykonywanym przy u\u017cyciu elektroencefalografu jest <em>Music for Solo Performer <\/em>Alvina Luciera (1965). Po sze\u015b\u0107dziesi\u0119ciu latach nowoczesne technologie stwarzaj\u0105 du\u017co nowych mo\u017cliwo\u015bci artystycznego ud\u017awi\u0119kowienia fal m\u00f3zgowych.<br \/><\/span><\/p><p align=\"JUSTIFY\">\u00a0<\/p><\/div><\/div>\n        <\/section>\t\t\t\t<\/div>\n\t\t\t\t<\/div>\n\t\t\t\t<div class=\"elementor-element elementor-element-b8ff666 elementor-widget elementor-widget-image\" data-id=\"b8ff666\" data-element_type=\"widget\" data-widget_type=\"image.default\">\n\t\t\t\t<div class=\"elementor-widget-container\">\n\t\t\t\t\t\t\t\t\t\t\t\t\t\t\t<img fetchpriority=\"high\" decoding=\"async\" width=\"1024\" height=\"1024\" src=\"https:\/\/neuromuzyka.pl\/wp-content\/uploads\/2024\/01\/glowy-1-1024x1024.jpg\" class=\"attachment-large size-large wp-image-252\" alt=\"\" srcset=\"https:\/\/neuromuzyka.pl\/wp-content\/uploads\/2024\/01\/glowy-1-1024x1024.jpg 1024w, https:\/\/neuromuzyka.pl\/wp-content\/uploads\/2024\/01\/glowy-1-300x300.jpg 300w, https:\/\/neuromuzyka.pl\/wp-content\/uploads\/2024\/01\/glowy-1-150x150.jpg 150w, https:\/\/neuromuzyka.pl\/wp-content\/uploads\/2024\/01\/glowy-1-768x768.jpg 768w\" sizes=\"(max-width: 1024px) 100vw, 1024px\" \/>\t\t\t\t\t\t\t\t\t\t\t\t\t\t\t<\/div>\n\t\t\t\t<\/div>\n\t\t\t\t\t<\/div>\n\t\t<\/div>\n\t\t\t\t\t<\/div>\n\t\t<\/section>\n\t\t\t\t<section class=\"elementor-section elementor-top-section elementor-element elementor-element-a1b99d4 elementor-section-boxed elementor-section-height-default elementor-section-height-default\" data-id=\"a1b99d4\" data-element_type=\"section\" data-settings=\"{&quot;background_background&quot;:&quot;classic&quot;}\">\n\t\t\t\t\t\t<div class=\"elementor-container elementor-column-gap-no\">\n\t\t\t\t\t<div class=\"aux-parallax-section elementor-column elementor-col-100 elementor-top-column elementor-element elementor-element-901ea46\" data-id=\"901ea46\" data-element_type=\"column\">\n\t\t\t<div class=\"elementor-widget-wrap elementor-element-populated\">\n\t\t\t\t\t\t<div class=\"elementor-element elementor-element-5c20d8f aux-appear-watch-animation aux-fade-in-up elementor-widget elementor-widget-aux_modern_heading\" data-id=\"5c20d8f\" data-element_type=\"widget\" data-widget_type=\"aux_modern_heading.default\">\n\t\t\t\t<div class=\"elementor-widget-container\">\n\t\t\t\t\t<section class=\"aux-widget-modern-heading\">\n            <div class=\"aux-widget-inner\"><h2 class=\"aux-modern-heading-primary\">Beniamin G\u0142uszek \n\n<\/h2><div class=\"aux-modern-heading-description\">Autor pracy <em>Neuromuzyka<\/em>. Absolwent Akademii Muzycznej im. Karola Lipi\u0144skiego we Wroc\u0142awiu na kierunku kompozycja i\u00a0teoria muzyki (mgr) oraz Wroc\u0142awskiej Szko\u0142y Jazzu Muzyki Rozrywkowej w\u00a0klasie gitary. Uko\u0144czy\u0142 szkolenie EEG-biofeedback I stopnia w\u00a0Centrum Rehabilitacji Poznawczej i\u00a0Neuroterapii Biomed.\n\n&nbsp;<\/div><\/div>\n        <\/section>\t\t\t\t<\/div>\n\t\t\t\t<\/div>\n\t\t\t\t<div class=\"elementor-element elementor-element-547de40 elementor-widget elementor-widget-image\" data-id=\"547de40\" data-element_type=\"widget\" data-widget_type=\"image.default\">\n\t\t\t\t<div class=\"elementor-widget-container\">\n\t\t\t\t\t\t\t\t\t\t\t\t\t\t\t<img decoding=\"async\" width=\"900\" height=\"600\" src=\"https:\/\/neuromuzyka.pl\/wp-content\/uploads\/2024\/01\/24068475_626996164356972_7566377384489118336_o_626996164356972.jpg\" class=\"attachment-large size-large wp-image-192\" alt=\"\" srcset=\"https:\/\/neuromuzyka.pl\/wp-content\/uploads\/2024\/01\/24068475_626996164356972_7566377384489118336_o_626996164356972.jpg 900w, https:\/\/neuromuzyka.pl\/wp-content\/uploads\/2024\/01\/24068475_626996164356972_7566377384489118336_o_626996164356972-200x133.jpg 200w\" sizes=\"(max-width: 900px) 100vw, 900px\" \/>\t\t\t\t\t\t\t\t\t\t\t\t\t\t\t<\/div>\n\t\t\t\t<\/div>\n\t\t\t\t<div class=\"elementor-element elementor-element-beb6ce9 aux-appear-watch-animation aux-fade-in-up elementor-widget elementor-widget-aux_modern_heading\" data-id=\"beb6ce9\" data-element_type=\"widget\" data-widget_type=\"aux_modern_heading.default\">\n\t\t\t\t<div class=\"elementor-widget-container\">\n\t\t\t\t\t<section class=\"aux-widget-modern-heading\">\n            <div class=\"aux-widget-inner\"><h2 class=\"aux-modern-heading-primary\">\n\n<\/h2><div class=\"aux-modern-heading-description\"><p>Neuromuzyka by\u0142a i jest wystawiana w instytucjach kultury, centrach nauki, galeriach sztuki oraz na uczelniach wy\u017cszych podczas festiwali muzycznych, konferencji naukowych i biznesowych, przegl\u0105d\u00f3w sztuki wsp\u00f3\u0142czesnej i innych wydarze\u0144 w Polsce i zagranic\u0105.<\/p><\/div><\/div>\n        <\/section>\t\t\t\t<\/div>\n\t\t\t\t<\/div>\n\t\t\t\t<div class=\"elementor-element elementor-element-4f417b8 elementor-widget__width-initial elementor-widget elementor-widget-aux_modern_heading\" data-id=\"4f417b8\" data-element_type=\"widget\" data-widget_type=\"aux_modern_heading.default\">\n\t\t\t\t<div class=\"elementor-widget-container\">\n\t\t\t\t\t<section class=\"aux-widget-modern-heading\">\n            <div class=\"aux-widget-inner\"><h2 class=\"aux-modern-heading-primary\"><\/h2><div class=\"aux-modern-heading-divider\"><\/div><div class=\"aux-modern-heading-description\"><iframe src=\"https:\/\/www.google.com\/maps\/d\/u\/0\/embed?mid=1Z_5Ea6EoOhUvtX91qePyn0zwVAHg2S0&amp;ehbc=2E312F&amp;noprof=1\" width=\"640\" height=\"480\"><\/iframe><\/div><\/div>\n        <\/section>\t\t\t\t<\/div>\n\t\t\t\t<\/div>\n\t\t\t\t\t<\/div>\n\t\t<\/div>\n\t\t\t\t\t<\/div>\n\t\t<\/section>\n\t\t\t\t<section class=\"elementor-section elementor-top-section elementor-element elementor-element-aff3b2c aux-bs-get-started aux-bs-footer-scale elementor-section-boxed elementor-section-height-default elementor-section-height-default\" data-id=\"aff3b2c\" data-element_type=\"section\" data-settings=\"{&quot;background_background&quot;:&quot;classic&quot;}\">\n\t\t\t\t\t\t<div class=\"elementor-container elementor-column-gap-no\">\n\t\t\t\t\t<div class=\"aux-parallax-section elementor-column elementor-col-100 elementor-top-column elementor-element elementor-element-455a71a\" data-id=\"455a71a\" data-element_type=\"column\">\n\t\t\t<div class=\"elementor-widget-wrap elementor-element-populated\">\n\t\t\t\t\t\t<div class=\"elementor-element elementor-element-85b6a9d elementor-widget elementor-widget-aux_modern_heading\" data-id=\"85b6a9d\" data-element_type=\"widget\" data-widget_type=\"aux_modern_heading.default\">\n\t\t\t\t<div class=\"elementor-widget-container\">\n\t\t\t\t\t<section class=\"aux-widget-modern-heading\">\n            <div class=\"aux-widget-inner\"><h2 class=\"aux-modern-heading-primary\">Neuromuzyka u Ciebie?\n\n<\/h2><div class=\"aux-modern-heading-description\"><p>Skontaktuj si\u0119, aby zorganizowa\u0107 interaktywn\u0105 wystaw\u0119, spotkanie autorskie, koncert lub warsztaty!<\/p><\/div><\/div>\n        <\/section>\t\t\t\t<\/div>\n\t\t\t\t<\/div>\n\t\t\t\t<div class=\"elementor-element elementor-element-29568c6 elementor-widget elementor-widget-aux_modern_button\" data-id=\"29568c6\" data-element_type=\"widget\" data-widget_type=\"aux_modern_button.default\">\n\t\t\t\t<div class=\"elementor-widget-container\">\n\t\t\t\t\t    <div class=\"aux-modern-button-wrapper aux-modern-button-align-center\" >\n                    <a class=\"aux-modern-button aux-black aux-modern-button-md aux-modern-button-normal aux-modern-button-default aux-icon-\" href=\"https:\/\/neuromuzyka.pl\/?page_id=64\">\n                <div class=\"aux-overlay\"><\/div>\n                                    <div class=\"aux-icon \">\n                                            <\/div>\n                                <div class=\"aux-text\">\n<span class=\"aux-text-before\">KONTAKT<\/span>                <\/div>\n            <\/a>\n            \n    <\/div>\n\n    \t\t\t\t<\/div>\n\t\t\t\t<\/div>\n\t\t\t\t\t<\/div>\n\t\t<\/div>\n\t\t\t\t\t<\/div>\n\t\t<\/section>\n\t\t\t\t<\/div>\n\t\t","protected":false},"excerpt":{"rendered":"<p>D\u017awi\u0119ki sterowane falami m\u00f3zgowymi Neuromuzyka to multimedialna instalacja d\u017awi\u0119kowa, kt\u00f3rej brzmienie wynika z pomiar\u00f3w bioelektrycznej czynno\u015bci ludzkiego m\u00f3zgu metod\u0105 elektroencefalografii (EEG). Ustawienia syntezator\u00f3w generuj\u0105cych d\u017awi\u0119k s\u0105 ci\u0105gle aktualizowane w oparciu o wyniki analizy fal m\u00f3zgowych osoby korzystaj\u0105cej z instalacji. Ka\u017cda osoba tworzy wi\u0119c sw\u00f3j indywidualny fenomen d\u017awi\u0119kowy, a\u00a0tradycyjne role tw\u00f3rcy, wykonawcy i\u00a0odbiorcy w pewnym sensie [&hellip;]<\/p>\n","protected":false},"author":1,"featured_media":0,"parent":0,"menu_order":0,"comment_status":"closed","ping_status":"closed","template":"templates\/page-builder-content.php","meta":{"footnotes":""},"class_list":["post-65","page","type-page","status-publish","hentry"],"yoast_head":"<!-- This site is optimized with the Yoast SEO plugin v21.9.1 - https:\/\/yoast.com\/wordpress\/plugins\/seo\/ -->\n<title>About - Neruomuzyka<\/title>\n<meta name=\"robots\" content=\"index, follow, max-snippet:-1, max-image-preview:large, max-video-preview:-1\" \/>\n<link rel=\"canonical\" href=\"https:\/\/neuromuzyka.pl\/?page_id=65\" \/>\n<meta property=\"og:locale\" content=\"pl_PL\" \/>\n<meta property=\"og:type\" content=\"article\" \/>\n<meta property=\"og:title\" content=\"About - Neruomuzyka\" \/>\n<meta property=\"og:description\" content=\"D\u017awi\u0119ki sterowane falami m\u00f3zgowymi Neuromuzyka to multimedialna instalacja d\u017awi\u0119kowa, kt\u00f3rej brzmienie wynika z pomiar\u00f3w bioelektrycznej czynno\u015bci ludzkiego m\u00f3zgu metod\u0105 elektroencefalografii (EEG). Ustawienia syntezator\u00f3w generuj\u0105cych d\u017awi\u0119k s\u0105 ci\u0105gle aktualizowane w oparciu o wyniki analizy fal m\u00f3zgowych osoby korzystaj\u0105cej z instalacji. Ka\u017cda osoba tworzy wi\u0119c sw\u00f3j indywidualny fenomen d\u017awi\u0119kowy, a\u00a0tradycyjne role tw\u00f3rcy, wykonawcy i\u00a0odbiorcy w pewnym sensie [&hellip;]\" \/>\n<meta property=\"og:url\" content=\"https:\/\/neuromuzyka.pl\/?page_id=65\" \/>\n<meta property=\"og:site_name\" content=\"Neruomuzyka\" \/>\n<meta property=\"article:publisher\" content=\"https:\/\/www.facebook.com\/neuromuzyka\" \/>\n<meta property=\"article:modified_time\" content=\"2024-01-10T11:51:34+00:00\" \/>\n<meta property=\"og:image\" content=\"http:\/\/neuromuzyka.pl\/wp-content\/uploads\/2024\/01\/glowy-1-1024x1024.jpg\" \/>\n<meta name=\"twitter:card\" content=\"summary_large_image\" \/>\n<meta name=\"twitter:label1\" content=\"Szacowany czas czytania\" \/>\n\t<meta name=\"twitter:data1\" content=\"2 minuty\" \/>\n<script type=\"application\/ld+json\" class=\"yoast-schema-graph\">{\"@context\":\"https:\/\/schema.org\",\"@graph\":[{\"@type\":\"WebPage\",\"@id\":\"https:\/\/neuromuzyka.pl\/?page_id=65\",\"url\":\"https:\/\/neuromuzyka.pl\/?page_id=65\",\"name\":\"About - Neruomuzyka\",\"isPartOf\":{\"@id\":\"https:\/\/neuromuzyka.pl\/#website\"},\"datePublished\":\"2018-08-27T09:14:16+00:00\",\"dateModified\":\"2024-01-10T11:51:34+00:00\",\"breadcrumb\":{\"@id\":\"https:\/\/neuromuzyka.pl\/?page_id=65#breadcrumb\"},\"inLanguage\":\"pl-PL\",\"potentialAction\":[{\"@type\":\"ReadAction\",\"target\":[\"https:\/\/neuromuzyka.pl\/?page_id=65\"]}]},{\"@type\":\"BreadcrumbList\",\"@id\":\"https:\/\/neuromuzyka.pl\/?page_id=65#breadcrumb\",\"itemListElement\":[{\"@type\":\"ListItem\",\"position\":1,\"name\":\"Strona g\u0142\u00f3wna\",\"item\":\"https:\/\/neuromuzyka.pl\/\"},{\"@type\":\"ListItem\",\"position\":2,\"name\":\"About\"}]},{\"@type\":\"WebSite\",\"@id\":\"https:\/\/neuromuzyka.pl\/#website\",\"url\":\"https:\/\/neuromuzyka.pl\/\",\"name\":\"Neruomuzyka\",\"description\":\"D\u017awi\u0119ki sterowane falami m\u00f3zgowymi\",\"publisher\":{\"@id\":\"https:\/\/neuromuzyka.pl\/#organization\"},\"potentialAction\":[{\"@type\":\"SearchAction\",\"target\":{\"@type\":\"EntryPoint\",\"urlTemplate\":\"https:\/\/neuromuzyka.pl\/?s={search_term_string}\"},\"query-input\":\"required name=search_term_string\"}],\"inLanguage\":\"pl-PL\"},{\"@type\":\"Organization\",\"@id\":\"https:\/\/neuromuzyka.pl\/#organization\",\"name\":\"Neruomuzyka\",\"url\":\"https:\/\/neuromuzyka.pl\/\",\"logo\":{\"@type\":\"ImageObject\",\"inLanguage\":\"pl-PL\",\"@id\":\"https:\/\/neuromuzyka.pl\/#\/schema\/logo\/image\/\",\"url\":\"https:\/\/neuromuzyka.pl\/wp-content\/uploads\/2024\/01\/cropped-LOGO.jpg\",\"contentUrl\":\"https:\/\/neuromuzyka.pl\/wp-content\/uploads\/2024\/01\/cropped-LOGO.jpg\",\"width\":196,\"height\":55,\"caption\":\"Neruomuzyka\"},\"image\":{\"@id\":\"https:\/\/neuromuzyka.pl\/#\/schema\/logo\/image\/\"},\"sameAs\":[\"https:\/\/www.facebook.com\/neuromuzyka\",\"https:\/\/www.instagram.com\/neuromuzyka\/\"]}]}<\/script>\n<!-- \/ Yoast SEO plugin. -->","yoast_head_json":{"title":"About - Neruomuzyka","robots":{"index":"index","follow":"follow","max-snippet":"max-snippet:-1","max-image-preview":"max-image-preview:large","max-video-preview":"max-video-preview:-1"},"canonical":"https:\/\/neuromuzyka.pl\/?page_id=65","og_locale":"pl_PL","og_type":"article","og_title":"About - Neruomuzyka","og_description":"D\u017awi\u0119ki sterowane falami m\u00f3zgowymi Neuromuzyka to multimedialna instalacja d\u017awi\u0119kowa, kt\u00f3rej brzmienie wynika z pomiar\u00f3w bioelektrycznej czynno\u015bci ludzkiego m\u00f3zgu metod\u0105 elektroencefalografii (EEG). Ustawienia syntezator\u00f3w generuj\u0105cych d\u017awi\u0119k s\u0105 ci\u0105gle aktualizowane w oparciu o wyniki analizy fal m\u00f3zgowych osoby korzystaj\u0105cej z instalacji. Ka\u017cda osoba tworzy wi\u0119c sw\u00f3j indywidualny fenomen d\u017awi\u0119kowy, a\u00a0tradycyjne role tw\u00f3rcy, wykonawcy i\u00a0odbiorcy w pewnym sensie [&hellip;]","og_url":"https:\/\/neuromuzyka.pl\/?page_id=65","og_site_name":"Neruomuzyka","article_publisher":"https:\/\/www.facebook.com\/neuromuzyka","article_modified_time":"2024-01-10T11:51:34+00:00","og_image":[{"url":"http:\/\/neuromuzyka.pl\/wp-content\/uploads\/2024\/01\/glowy-1-1024x1024.jpg"}],"twitter_card":"summary_large_image","twitter_misc":{"Szacowany czas czytania":"2 minuty"},"schema":{"@context":"https:\/\/schema.org","@graph":[{"@type":"WebPage","@id":"https:\/\/neuromuzyka.pl\/?page_id=65","url":"https:\/\/neuromuzyka.pl\/?page_id=65","name":"About - Neruomuzyka","isPartOf":{"@id":"https:\/\/neuromuzyka.pl\/#website"},"datePublished":"2018-08-27T09:14:16+00:00","dateModified":"2024-01-10T11:51:34+00:00","breadcrumb":{"@id":"https:\/\/neuromuzyka.pl\/?page_id=65#breadcrumb"},"inLanguage":"pl-PL","potentialAction":[{"@type":"ReadAction","target":["https:\/\/neuromuzyka.pl\/?page_id=65"]}]},{"@type":"BreadcrumbList","@id":"https:\/\/neuromuzyka.pl\/?page_id=65#breadcrumb","itemListElement":[{"@type":"ListItem","position":1,"name":"Strona g\u0142\u00f3wna","item":"https:\/\/neuromuzyka.pl\/"},{"@type":"ListItem","position":2,"name":"About"}]},{"@type":"WebSite","@id":"https:\/\/neuromuzyka.pl\/#website","url":"https:\/\/neuromuzyka.pl\/","name":"Neruomuzyka","description":"D\u017awi\u0119ki sterowane falami m\u00f3zgowymi","publisher":{"@id":"https:\/\/neuromuzyka.pl\/#organization"},"potentialAction":[{"@type":"SearchAction","target":{"@type":"EntryPoint","urlTemplate":"https:\/\/neuromuzyka.pl\/?s={search_term_string}"},"query-input":"required name=search_term_string"}],"inLanguage":"pl-PL"},{"@type":"Organization","@id":"https:\/\/neuromuzyka.pl\/#organization","name":"Neruomuzyka","url":"https:\/\/neuromuzyka.pl\/","logo":{"@type":"ImageObject","inLanguage":"pl-PL","@id":"https:\/\/neuromuzyka.pl\/#\/schema\/logo\/image\/","url":"https:\/\/neuromuzyka.pl\/wp-content\/uploads\/2024\/01\/cropped-LOGO.jpg","contentUrl":"https:\/\/neuromuzyka.pl\/wp-content\/uploads\/2024\/01\/cropped-LOGO.jpg","width":196,"height":55,"caption":"Neruomuzyka"},"image":{"@id":"https:\/\/neuromuzyka.pl\/#\/schema\/logo\/image\/"},"sameAs":["https:\/\/www.facebook.com\/neuromuzyka","https:\/\/www.instagram.com\/neuromuzyka\/"]}]}},"_links":{"self":[{"href":"https:\/\/neuromuzyka.pl\/index.php?rest_route=\/wp\/v2\/pages\/65","targetHints":{"allow":["GET"]}}],"collection":[{"href":"https:\/\/neuromuzyka.pl\/index.php?rest_route=\/wp\/v2\/pages"}],"about":[{"href":"https:\/\/neuromuzyka.pl\/index.php?rest_route=\/wp\/v2\/types\/page"}],"author":[{"embeddable":true,"href":"https:\/\/neuromuzyka.pl\/index.php?rest_route=\/wp\/v2\/users\/1"}],"replies":[{"embeddable":true,"href":"https:\/\/neuromuzyka.pl\/index.php?rest_route=%2Fwp%2Fv2%2Fcomments&post=65"}],"version-history":[{"count":36,"href":"https:\/\/neuromuzyka.pl\/index.php?rest_route=\/wp\/v2\/pages\/65\/revisions"}],"predecessor-version":[{"id":292,"href":"https:\/\/neuromuzyka.pl\/index.php?rest_route=\/wp\/v2\/pages\/65\/revisions\/292"}],"wp:attachment":[{"href":"https:\/\/neuromuzyka.pl\/index.php?rest_route=%2Fwp%2Fv2%2Fmedia&parent=65"}],"curies":[{"name":"wp","href":"https:\/\/api.w.org\/{rel}","templated":true}]}}